{"id":10,"date":"2012-05-30T16:40:57","date_gmt":"2012-05-30T14:40:57","guid":{"rendered":"http:\/\/killingklubben.com\/?page_id=10"},"modified":"2017-06-19T08:47:41","modified_gmt":"2017-06-19T06:47:41","slug":"vedlikehold-og-utstyr","status":"publish","type":"page","link":"http:\/\/www.killingklubben.com\/?page_id=10","title":{"rendered":"Vedlikehold"},"content":{"rendered":"<p><strong>Oppskrift for avstivning av dekk finner du her &#8211;\u00a0<\/strong><strong><a href=\"http:\/\/www.killingklubben.com\/wp-content\/uploads\/2017\/06\/Avstivningavdekk.pdf\">Avstivningavdekk<\/a><\/strong><\/p>\n<p><strong>Hvordan gj\u00f8re Killingen synkefri &#8211; finner du her<\/strong> &#8211; <strong><a href=\"http:\/\/www.killingklubben.com\/wp-content\/uploads\/2017\/06\/Synkefri.pdf\">Synkefri<\/a><\/strong><\/p>\n<p><strong>Hvordan ordne:<\/strong> \u00a0&#8211;\u00a0<strong><a href=\"http:\/\/www.killingklubben.com\/wp-content\/uploads\/2015\/09\/L\u00f8ygangen.pdf\" target=\"_blank\">L\u00f8ygangen<\/a>\u00a0<\/strong>og\u00a0<strong><a href=\"http:\/\/www.killingklubben.com\/wp-content\/uploads\/2015\/06\/Ror.pdf\" target=\"_blank\">Ror<\/a><\/strong><\/p>\n<p><strong>Hvordan fikse opp bunn og kj\u00f8l<\/strong> &#8211; her er <strong><a href=\"http:\/\/killingklubben.com\/wp-content\/uploads\/2012\/05\/Hvordan-f\u00e5-en-slett-og-tett-Killing-\u2013-de-beste-tipsene.pdf\">Oppskriften<\/a><\/strong><\/p>\n<p><strong>Lars Gr\u00f8nvold har satt i stand N-180<\/strong> &#8211;<strong> <a href=\"http:\/\/www.killingklubben.com\/wp-content\/uploads\/2012\/05\/Ludvig-Groenvold.docx\">se del 1<\/a><\/strong> av <strong><a href=\"http:\/\/www.expono.com\/danckert\/album\/21838\">beksrivelsen og bildene<\/a><\/strong><\/p>\n<p><strong>Frode Antun har gjort en <a href=\"http:\/\/www.killingklubben.com\/wp-content\/uploads\/2017\/06\/N-150-total-make-over.pdf\">kjempejobb<\/a> med N-150 &#8211; <a href=\"http:\/\/www.expono.com\/danckert\/albums\/21831\" target=\"_blank\">se ogs\u00e5 bilder<\/a><\/strong><\/p>\n<p><strong>Hvordan komme til under<\/strong> &#8211; mange lurer p\u00e5 hvordan man kommer til under &#8211; l\u00f8sningen er \u00e5 \u00a0bygge en enkel galge og henge den opp i en talje&#8230;&#8230;.\u00a0<a href=\"http:\/\/killingklubben.com\/wp-content\/uploads\/2012\/06\/Galge-2.jpg\"><img loading=\"lazy\" decoding=\"async\" class=\"alignnone size-medium wp-image-158\" title=\"Galge 2\" src=\"http:\/\/killingklubben.com\/wp-content\/uploads\/2012\/06\/Galge-2-300x224.jpg\" alt=\"\" width=\"300\" height=\"224\" srcset=\"http:\/\/www.killingklubben.com\/wp-content\/uploads\/2012\/06\/Galge-2-300x224.jpg 300w, http:\/\/www.killingklubben.com\/wp-content\/uploads\/2012\/06\/Galge-2-1024x764.jpg 1024w, http:\/\/www.killingklubben.com\/wp-content\/uploads\/2012\/06\/Galge-2-401x300.jpg 401w\" sizes=\"auto, (max-width: 300px) 100vw, 300px\" \/><\/a><a href=\"http:\/\/killingklubben.com\/wp-content\/uploads\/2012\/06\/Galge-1.jpg\"><img loading=\"lazy\" decoding=\"async\" class=\"alignnone size-medium wp-image-157\" title=\"Galge 1\" src=\"http:\/\/killingklubben.com\/wp-content\/uploads\/2012\/06\/Galge-1-224x300.jpg\" alt=\"\" width=\"224\" height=\"300\" srcset=\"http:\/\/www.killingklubben.com\/wp-content\/uploads\/2012\/06\/Galge-1-224x300.jpg 224w, http:\/\/www.killingklubben.com\/wp-content\/uploads\/2012\/06\/Galge-1-764x1024.jpg 764w, http:\/\/www.killingklubben.com\/wp-content\/uploads\/2012\/06\/Galge-1.jpg 1936w\" sizes=\"auto, (max-width: 224px) 100vw, 224px\" \/><\/a><\/p>\n","protected":false},"excerpt":{"rendered":"<p>Oppskrift for avstivning av dekk finner du her &#8211;\u00a0Avstivningavdekk Hvordan gj\u00f8re Killingen synkefri &#8211; finner du her &#8211; Synkefri Hvordan ordne: \u00a0&#8211;\u00a0L\u00f8ygangen\u00a0og\u00a0Ror Hvordan fikse opp bunn og kj\u00f8l &#8211; her er Oppskriften Lars Gr\u00f8nvold har satt i stand N-180 &#8211; &hellip; <a href=\"http:\/\/www.killingklubben.com\/?page_id=10\">Continue reading <span class=\"meta-nav\">&rarr;<\/span><\/a><\/p>\n","protected":false},"author":1,"featured_media":0,"parent":0,"menu_order":0,"comment_status":"open","ping_status":"open","template":"sidebar-page.php","meta":{"footnotes":""},"class_list":["post-10","page","type-page","status-publish","hentry"],"_links":{"self":[{"href":"http:\/\/www.killingklubben.com\/index.php?rest_route=\/wp\/v2\/pages\/10","targetHints":{"allow":["GET"]}}],"collection":[{"href":"http:\/\/www.killingklubben.com\/index.php?rest_route=\/wp\/v2\/pages"}],"about":[{"href":"http:\/\/www.killingklubben.com\/index.php?rest_route=\/wp\/v2\/types\/page"}],"author":[{"embeddable":true,"href":"http:\/\/www.killingklubben.com\/index.php?rest_route=\/wp\/v2\/users\/1"}],"replies":[{"embeddable":true,"href":"http:\/\/www.killingklubben.com\/index.php?rest_route=%2Fwp%2Fv2%2Fcomments&post=10"}],"version-history":[{"count":24,"href":"http:\/\/www.killingklubben.com\/index.php?rest_route=\/wp\/v2\/pages\/10\/revisions"}],"predecessor-version":[{"id":679,"href":"http:\/\/www.killingklubben.com\/index.php?rest_route=\/wp\/v2\/pages\/10\/revisions\/679"}],"wp:attachment":[{"href":"http:\/\/www.killingklubben.com\/index.php?rest_route=%2Fwp%2Fv2%2Fmedia&parent=10"}],"curies":[{"name":"wp","href":"https:\/\/api.w.org\/{rel}","templated":true}]}}