{"id":46,"date":"2012-05-30T18:19:45","date_gmt":"2012-05-30T16:19:45","guid":{"rendered":"http:\/\/killingklubben.com\/?page_id=46"},"modified":"2016-07-31T11:37:52","modified_gmt":"2016-07-31T09:37:52","slug":"bilder","status":"publish","type":"page","link":"http:\/\/www.killingklubben.com\/?page_id=46","title":{"rendered":"Bilder"},"content":{"rendered":"<p>NM 2016<br \/>\n\r\n\t\t<script type=\"text\/javascript\">  \r\n\t\t\tgoogle.setOnLoadCallback(function() {\r\n\t\t\t\tvar options = {\r\n\t\t\t\tlinkTarget: google.feeds.LINK_TARGET_SELF,thumbnailSize: GFslideShow.THUMBNAILS_LARGE,displayTime: 2000,\r\n\t\t\t\ttransistionTime: 600,\r\n\t\t\t\tscaleImages: true,\r\n\t\t\t\tmaintainAspectRatio: true,\r\n\t\t\t\tpauseOnHover: true,\r\n\t\t\t\tfullControlPanel: false,\r\n\t\t\t\tfullControlPanelSmallIcons: false\r\n\t\t\t};\r\n\t\t\tvar feedURL = 'http:\/\/www.expono.com\/danckert\/album\/21428\/rss?ak=666348231b6a105deb8733ddd77a6e2d';\r\n\t\t\tnew GFslideShow(feedURL, 'slideshow_69e35b99b3445', options);\r\n\t\t});\r\n\t<\/script>\t\r\n\t<div id=\"slideshow_69e35b99b3445\" class=\"\" style=\"height:700px;width:900px;\">Loading...<\/div>\r\n\t<\/p>\n<p>NM 2015<br \/>\n\r\n\t\t<script type=\"text\/javascript\">  \r\n\t\t\tgoogle.setOnLoadCallback(function() {\r\n\t\t\t\tvar options = {\r\n\t\t\t\tlinkTarget: google.feeds.LINK_TARGET_SELF,thumbnailSize: GFslideShow.THUMBNAILS_LARGE,displayTime: 2000,\r\n\t\t\t\ttransistionTime: 600,\r\n\t\t\t\tscaleImages: true,\r\n\t\t\t\tmaintainAspectRatio: true,\r\n\t\t\t\tpauseOnHover: true,\r\n\t\t\t\tfullControlPanel: false,\r\n\t\t\t\tfullControlPanelSmallIcons: false\r\n\t\t\t};\r\n\t\t\tvar feedURL = 'http:\/\/www.expono.com\/danckert\/album\/20920\/rss';\r\n\t\t\tnew GFslideShow(feedURL, 'slideshow_69e35b99b3466', options);\r\n\t\t});\r\n\t<\/script>\t\r\n\t<div id=\"slideshow_69e35b99b3466\" class=\"\" style=\"height:700px;width:900px;\">Loading...<\/div>\r\n\t<\/p>\n<p>NM 2014<br \/>\n\r\n\t\t<script type=\"text\/javascript\">  \r\n\t\t\tgoogle.setOnLoadCallback(function() {\r\n\t\t\t\tvar options = {\r\n\t\t\t\tlinkTarget: google.feeds.LINK_TARGET_SELF,thumbnailSize: GFslideShow.THUMBNAILS_LARGE,displayTime: 2000,\r\n\t\t\t\ttransistionTime: 600,\r\n\t\t\t\tscaleImages: true,\r\n\t\t\t\tmaintainAspectRatio: true,\r\n\t\t\t\tpauseOnHover: true,\r\n\t\t\t\tfullControlPanel: false,\r\n\t\t\t\tfullControlPanelSmallIcons: false\r\n\t\t\t};\r\n\t\t\tvar feedURL = 'http:\/\/www.expono.com\/danckert\/album\/20038\/rss';\r\n\t\t\tnew GFslideShow(feedURL, 'slideshow_69e35b99b3475', options);\r\n\t\t});\r\n\t<\/script>\t\r\n\t<div id=\"slideshow_69e35b99b3475\" class=\"\" style=\"height:700px;width:900px;\">Loading...<\/div>\r\n\t<\/p>\n<p>NM 2013 &#8211; mange morsomme minner<br \/>\n<code>\r\n\t\t<script type=\"text\/javascript\">  \r\n\t\t\tgoogle.setOnLoadCallback(function() {\r\n\t\t\t\tvar options = {\r\n\t\t\t\tlinkTarget: google.feeds.LINK_TARGET_SELF,thumbnailSize: GFslideShow.THUMBNAILS_LARGE,displayTime: 2000,\r\n\t\t\t\ttransistionTime: 600,\r\n\t\t\t\tscaleImages: true,\r\n\t\t\t\tmaintainAspectRatio: true,\r\n\t\t\t\tpauseOnHover: true,\r\n\t\t\t\tfullControlPanel: false,\r\n\t\t\t\tfullControlPanelSmallIcons: false\r\n\t\t\t};\r\n\t\t\tvar feedURL = 'http:\/\/www.expono.com\/danckert\/album\/18538\/rss';\r\n\t\t\tnew GFslideShow(feedURL, 'slideshow_69e35b99b34a9', options);\r\n\t\t});\r\n\t<\/script>\t\r\n\t<div id=\"slideshow_69e35b99b34a9\" class=\"\" style=\"height:700px;width:900px;\">Loading...<\/div>\r\n\t<\/code><\/p>\n<p>Fullt tr\u00f8kk i Blindleia i 2012<\/p>\n\r\n\t\t<script type=\"text\/javascript\">  \r\n\t\t\tgoogle.setOnLoadCallback(function() {\r\n\t\t\t\tvar options = {\r\n\t\t\t\tlinkTarget: google.feeds.LINK_TARGET_SELF,thumbnailSize: GFslideShow.THUMBNAILS_LARGE,displayTime: 2000,\r\n\t\t\t\ttransistionTime: 600,\r\n\t\t\t\tscaleImages: true,\r\n\t\t\t\tmaintainAspectRatio: true,\r\n\t\t\t\tpauseOnHover: true,\r\n\t\t\t\tfullControlPanel: false,\r\n\t\t\t\tfullControlPanelSmallIcons: false\r\n\t\t\t};\r\n\t\t\tvar feedURL = 'http:\/\/www.expono.com\/danckert\/album\/16941\/rss';\r\n\t\t\tnew GFslideShow(feedURL, 'slideshow_69e35b99b34c6', options);\r\n\t\t});\r\n\t<\/script>\t\r\n\t<div id=\"slideshow_69e35b99b34c6\" class=\"\" style=\"height:700px;width:900px;\">Loading...<\/div>\r\n\t\n<p>Eldre bilder av killing i tre<br \/>\nDe m\u00e5 ha hatt det g\u00f8y<\/p>\n\r\n\t\t<script type=\"text\/javascript\">  \r\n\t\t\tgoogle.setOnLoadCallback(function() {\r\n\t\t\t\tvar options = {\r\n\t\t\t\tlinkTarget: google.feeds.LINK_TARGET_SELF,thumbnailSize: GFslideShow.THUMBNAILS_LARGE,displayTime: 2000,\r\n\t\t\t\ttransistionTime: 600,\r\n\t\t\t\tscaleImages: true,\r\n\t\t\t\tmaintainAspectRatio: true,\r\n\t\t\t\tpauseOnHover: true,\r\n\t\t\t\tfullControlPanel: false,\r\n\t\t\t\tfullControlPanelSmallIcons: false\r\n\t\t\t};\r\n\t\t\tvar feedURL = 'http:\/\/www.expono.com\/danckert\/album\/16901\/rss';\r\n\t\t\tnew GFslideShow(feedURL, 'slideshow_69e35b99b34d6', options);\r\n\t\t});\r\n\t<\/script>\t\r\n\t<div id=\"slideshow_69e35b99b34d6\" class=\"\" style=\"height:700px;width:900px;\">Loading...<\/div>\r\n\t\n<p>NM 2012<\/p>\n<p><code>\r\n\t\t<script type=\"text\/javascript\">  \r\n\t\t\tgoogle.setOnLoadCallback(function() {\r\n\t\t\t\tvar options = {\r\n\t\t\t\tlinkTarget: google.feeds.LINK_TARGET_SELF,thumbnailSize: GFslideShow.THUMBNAILS_LARGE,displayTime: 2000,\r\n\t\t\t\ttransistionTime: 600,\r\n\t\t\t\tscaleImages: true,\r\n\t\t\t\tmaintainAspectRatio: true,\r\n\t\t\t\tpauseOnHover: true,\r\n\t\t\t\tfullControlPanel: false,\r\n\t\t\t\tfullControlPanelSmallIcons: false\r\n\t\t\t};\r\n\t\t\tvar feedURL = 'http:\/\/www.expono.com\/danckert\/album\/16714\/rss';\r\n\t\t\tnew GFslideShow(feedURL, 'slideshow_69e35b99b34f0', options);\r\n\t\t});\r\n\t<\/script>\t\r\n\t<div id=\"slideshow_69e35b99b34f0\" class=\"\" style=\"height:700px;width:900px;\">Loading...<\/div>\r\n\t<\/code><\/p>\n<p>NM 2011<br \/>\n\r\n\t\t<script type=\"text\/javascript\">  \r\n\t\t\tgoogle.setOnLoadCallback(function() {\r\n\t\t\t\tvar options = {\r\n\t\t\t\tlinkTarget: google.feeds.LINK_TARGET_SELF,thumbnailSize: GFslideShow.THUMBNAILS_LARGE,displayTime: 2000,\r\n\t\t\t\ttransistionTime: 600,\r\n\t\t\t\tscaleImages: true,\r\n\t\t\t\tmaintainAspectRatio: true,\r\n\t\t\t\tpauseOnHover: true,\r\n\t\t\t\tfullControlPanel: false,\r\n\t\t\t\tfullControlPanelSmallIcons: false\r\n\t\t\t};\r\n\t\t\tvar feedURL = 'http:\/\/www.expono.com\/danckert\/album\/15401\/rss';\r\n\t\t\tnew GFslideShow(feedURL, 'slideshow_69e35b99b3521', options);\r\n\t\t});\r\n\t<\/script>\t\r\n\t<div id=\"slideshow_69e35b99b3521\" class=\"\" style=\"height:700px;width:900px;\">Loading...<\/div>\r\n\t<\/p>\n","protected":false},"excerpt":{"rendered":"<p>NM 2016 NM 2015 NM 2014 NM 2013 &#8211; mange morsomme minner Fullt tr\u00f8kk i Blindleia i 2012 Eldre bilder av killing i tre De m\u00e5 ha hatt det g\u00f8y NM 2012 NM 2011<\/p>\n","protected":false},"author":1,"featured_media":0,"parent":0,"menu_order":0,"comment_status":"open","ping_status":"open","template":"showcase.php","meta":{"footnotes":""},"class_list":["post-46","page","type-page","status-publish","hentry"],"_links":{"self":[{"href":"http:\/\/www.killingklubben.com\/index.php?rest_route=\/wp\/v2\/pages\/46","targetHints":{"allow":["GET"]}}],"collection":[{"href":"http:\/\/www.killingklubben.com\/index.php?rest_route=\/wp\/v2\/pages"}],"about":[{"href":"http:\/\/www.killingklubben.com\/index.php?rest_route=\/wp\/v2\/types\/page"}],"author":[{"embeddable":true,"href":"http:\/\/www.killingklubben.com\/index.php?rest_route=\/wp\/v2\/users\/1"}],"replies":[{"embeddable":true,"href":"http:\/\/www.killingklubben.com\/index.php?rest_route=%2Fwp%2Fv2%2Fcomments&post=46"}],"version-history":[{"count":62,"href":"http:\/\/www.killingklubben.com\/index.php?rest_route=\/wp\/v2\/pages\/46\/revisions"}],"predecessor-version":[{"id":622,"href":"http:\/\/www.killingklubben.com\/index.php?rest_route=\/wp\/v2\/pages\/46\/revisions\/622"}],"wp:attachment":[{"href":"http:\/\/www.killingklubben.com\/index.php?rest_route=%2Fwp%2Fv2%2Fmedia&parent=46"}],"curies":[{"name":"wp","href":"https:\/\/api.w.org\/{rel}","templated":true}]}}